{"id":3818,"date":"2022-06-19T09:11:29","date_gmt":"2022-06-19T09:11:29","guid":{"rendered":"https:\/\/anteja-ecg.com\/karriere\/"},"modified":"2022-06-28T10:35:03","modified_gmt":"2022-06-28T10:35:03","slug":"karriere","status":"publish","type":"page","link":"https:\/\/anteja-ecg.com\/de\/karriere\/","title":{"rendered":"Karriere"},"content":{"rendered":"\t\t<div data-elementor-type=\"wp-page\" data-elementor-id=\"3818\" class=\"elementor elementor-3818 elementor-3130\" data-elementor-post-type=\"page\">\n\t\t\t\t\t\t<section class=\"elementor-section elementor-top-section elementor-element elementor-element-3b8c457 elementor-section-stretched elementor-section-boxed elementor-section-height-default elementor-section-height-default\" data-id=\"3b8c457\" data-element_type=\"section\" data-settings=\"{&quot;stretch_section&quot;:&quot;section-stretched&quot;}\">\n\t\t\t\t\t\t<div class=\"elementor-container elementor-column-gap-default\">\n\t\t\t\t\t<div class=\"elementor-column elementor-col-50 elementor-top-column elementor-element elementor-element-bde7081\" data-id=\"bde7081\" data-element_type=\"column\">\n\t\t\t<div class=\"elementor-widget-wrap elementor-element-populated\">\n\t\t\t\t\t\t<div class=\"elementor-element elementor-element-918bd62 elementor-widget elementor-widget-text-editor\" data-id=\"918bd62\" data-element_type=\"widget\" data-widget_type=\"text-editor.default\">\n\t\t\t\t<div class=\"elementor-widget-container\">\n\t\t\t\t\t\t\t\t\t<p>Werden Sie Teil unseres Teams<\/p>\t\t\t\t\t\t\t\t<\/div>\n\t\t\t\t<\/div>\n\t\t\t\t<div class=\"elementor-element elementor-element-c826a45 elementor-widget elementor-widget-text-editor\" data-id=\"c826a45\" data-element_type=\"widget\" data-widget_type=\"text-editor.default\">\n\t\t\t\t<div class=\"elementor-widget-container\">\n\t\t\t\t\t\t\t\t\t<p>Auch Sie k\u00f6nnen unsere Welt zu einem nachhaltigeren Ort machen<\/p>\t\t\t\t\t\t\t\t<\/div>\n\t\t\t\t<\/div>\n\t\t\t\t\t<\/div>\n\t\t<\/div>\n\t\t\t\t<div class=\"elementor-column elementor-col-50 elementor-top-column elementor-element elementor-element-ae3e545 elementor-hidden-mobile\" data-id=\"ae3e545\" data-element_type=\"column\">\n\t\t\t<div class=\"elementor-widget-wrap elementor-element-populated\">\n\t\t\t\t\t\t<div class=\"elementor-element elementor-element-cd3aca7 elementor-widget elementor-widget-image\" data-id=\"cd3aca7\" data-element_type=\"widget\" data-settings=\"{&quot;motion_fx_motion_fx_mouse&quot;:&quot;yes&quot;,&quot;motion_fx_tilt_effect&quot;:&quot;yes&quot;,&quot;motion_fx_tilt_speed&quot;:{&quot;unit&quot;:&quot;px&quot;,&quot;size&quot;:1,&quot;sizes&quot;:[]}}\" data-widget_type=\"image.default\">\n\t\t\t\t<div class=\"elementor-widget-container\">\n\t\t\t\t\t\t\t\t\t\t\t\t\t\t\t<img fetchpriority=\"high\" decoding=\"async\" width=\"1024\" height=\"621\" src=\"https:\/\/anteja-ecg.com\/wp-content\/uploads\/2022\/06\/DSC03377-1024x621.jpg\" class=\"attachment-large size-large wp-image-4344\" alt=\"\" srcset=\"https:\/\/anteja-ecg.com\/wp-content\/uploads\/2022\/06\/DSC03377-1024x621.jpg 1024w, https:\/\/anteja-ecg.com\/wp-content\/uploads\/2022\/06\/DSC03377-300x182.jpg 300w, https:\/\/anteja-ecg.com\/wp-content\/uploads\/2022\/06\/DSC03377-768x466.jpg 768w, https:\/\/anteja-ecg.com\/wp-content\/uploads\/2022\/06\/DSC03377-1536x931.jpg 1536w, https:\/\/anteja-ecg.com\/wp-content\/uploads\/2022\/06\/DSC03377.jpg 1920w\" sizes=\"(max-width: 1024px) 100vw, 1024px\" \/>\t\t\t\t\t\t\t\t\t\t\t\t\t\t\t<\/div>\n\t\t\t\t<\/div>\n\t\t\t\t\t<\/div>\n\t\t<\/div>\n\t\t\t\t\t<\/div>\n\t\t<\/section>\n\t\t\t\t<section class=\"elementor-section elementor-top-section elementor-element elementor-element-4fe2b8e elementor-section-stretched elementor-section-boxed elementor-section-height-default elementor-section-height-default\" data-id=\"4fe2b8e\" data-element_type=\"section\" data-settings=\"{&quot;stretch_section&quot;:&quot;section-stretched&quot;}\">\n\t\t\t\t\t\t<div class=\"elementor-container elementor-column-gap-default\">\n\t\t\t\t\t<div class=\"elementor-column elementor-col-50 elementor-top-column elementor-element elementor-element-7f85cd8\" data-id=\"7f85cd8\" data-element_type=\"column\">\n\t\t\t<div class=\"elementor-widget-wrap elementor-element-populated\">\n\t\t\t\t\t\t<div class=\"elementor-element elementor-element-0a631e2 elementor-widget elementor-widget-heading\" data-id=\"0a631e2\" data-element_type=\"widget\" data-widget_type=\"heading.default\">\n\t\t\t\t<div class=\"elementor-widget-container\">\n\t\t\t\t\t<h2 class=\"elementor-heading-title elementor-size-default\">Offene Positionen<\/h2>\t\t\t\t<\/div>\n\t\t\t\t<\/div>\n\t\t\t\t<div class=\"elementor-element elementor-element-42057de elementor-widget elementor-widget-accordion\" data-id=\"42057de\" data-element_type=\"widget\" data-widget_type=\"accordion.default\">\n\t\t\t\t<div class=\"elementor-widget-container\">\n\t\t\t\t\t\t\t<div class=\"elementor-accordion\">\n\t\t\t\t\t\t\t<div class=\"elementor-accordion-item\">\n\t\t\t\t\t<div id=\"elementor-tab-title-6921\" class=\"elementor-tab-title\" data-tab=\"1\" role=\"button\" aria-controls=\"elementor-tab-content-6921\" aria-expanded=\"false\">\n\t\t\t\t\t\t\t\t\t\t\t\t\t<span class=\"elementor-accordion-icon elementor-accordion-icon-right\" aria-hidden=\"true\">\n\t\t\t\t\t\t\t\t\t\t\t\t\t\t\t<span class=\"elementor-accordion-icon-closed\"><i class=\"fas fa-plus\"><\/i><\/span>\n\t\t\t\t\t\t\t\t<span class=\"elementor-accordion-icon-opened\"><i class=\"fas fa-minus\"><\/i><\/span>\n\t\t\t\t\t\t\t\t\t\t\t\t\t\t<\/span>\n\t\t\t\t\t\t\t\t\t\t\t\t<a class=\"elementor-accordion-title\" tabindex=\"0\">Praktikum in der Unternehmensentwicklung<\/a>\n\t\t\t\t\t<\/div>\n\t\t\t\t\t<div id=\"elementor-tab-content-6921\" class=\"elementor-tab-content elementor-clearfix\" data-tab=\"1\" role=\"region\" aria-labelledby=\"elementor-tab-title-6921\"><p>Interessieren Sie sich f\u00fcr <strong>Unternehmertum<\/strong> und positive<strong>soziale und \u00f6kologische Auswirkungen<\/strong> in Europa, Afrika und weltweit? Brennen Sie f\u00fcr nachhaltige Entwicklung, soziale Unternehmensf\u00fchrung und digitale Transformation? Sind Sie neugierig auf Deep-Technologien (<strong>Deep Tech<\/strong>) wie k\u00fcnstliche Intelligenz, maschinelles Lernen und Blockchain und wie sie zirkul\u00e4re und nachhaltige biobasierte Wertsch\u00f6pfungsketten unterst\u00fctzen? Sind Sie bereit f\u00fcr eine Herausforderung in der <strong>Produktentwicklung<\/strong>? Verpassen Sie diese Gelegenheit nicht!<\/p><p>Bei Anteja, einem Beratungsunternehmen f\u00fcr Nachhaltigkeit, unterst\u00fctzen wir Unternehmen bei ihren Nachhaltigkeitsbem\u00fchungen und der Antwort auf die steigenden Nachhaltigkeitsanforderungen ihrer Kunden, Aufsichtsbeh\u00f6rden und Investoren. Unser Ziel ist es, <strong>nachhaltigen und transparenten Handel innerhalb von Wertsch\u00f6pfungsketten<\/strong> zu f\u00f6rdern. Wir suchen einen motivierten Praktikanten mit Leidenschaft f\u00fcr Nachhaltigkeit, Transparenz und Wertsch\u00f6pfungsketten zur Unterst\u00fctzung unserer Gesch\u00e4ftst\u00e4tigkeit und der Entwicklung von <strong>Wertsch\u00f6pfungstechnologiel\u00f6sungen<\/strong>.<\/p><p><strong>Ihre Aufgaben :<\/strong><\/p><ul><li>Unterst\u00fctzen unseres Teams bei der Entwicklung von <strong>Technologiel\u00f6sungen<\/strong> f\u00fcr verbesserte Nachhaltigkeit und Transparenz in Wertsch\u00f6pfungsketten<\/li><li>Unterst\u00fctzen der Entwicklung einer <starken>Datenstrategie<\/strong>, die unsere Produktentwicklung verbessern wird<\/li><li>Unterst\u00fctzen unserer<strong>Forschungsinitiativen<\/strong>und Anwenderfallstudien f\u00fcr die Technologieentwicklung<\/li><li>Unterst\u00fctzen unserer<strong> Projekte im Zusammenhang mit der Markteinf\u00fchrung<\/strong> unserer digitalen L\u00f6sungen in Europa und Afrika<\/li><li>Unterst\u00fctzung bei der Vorbereitung und Durchf\u00fchrung von<strong>Vertriebsaktivit\u00e4ten<\/strong><\/li><\/ul><p><strong>Wen suchen wir?<\/strong><\/p><ul><li>Ausbildung: VWL, BWL, Wirtschaftsinformatik, Data Science oder verwandte Studienrichtung<\/li><li>Studienstufe l: Das Praktikum ist grunds\u00e4tzlich offen f\u00fcr alle, bevorzugt werden aber motivierte Hochschulstudenten mit mindestens <strong>abgeschlossenem 5. Semester<\/strong><\/li><li>Sprachen:<strong> <\/strong><strong> flie\u00dfende Englisch- und Deutschkenntnisse<\/strong>. Spanisch, Franz\u00f6sisch und\/oder Arabisch sind von Vorteil.<\/li><li>F\u00e4higkeiten: Analytische F\u00e4higkeiten, Auge f\u00fcrs Detail, Teamf\u00e4higkeit<\/li><li>Erfahrung in Unternehmensberatung, Produktmanagement, Data Science oder Tech-Start-up ist ein Vorteil<\/li><\/ul><p><strong>Wir bieten:<\/strong><\/p><ul><li>Dynamisches, internationales Arbeitsumfeld mit <strong>Karriereentwicklungsm\u00f6glichkeiten<\/strong> <\/li><li><strong>Ambitionierte Nachhaltigkeitsprojekte, <\/strong>die die Entwicklung nachhaltiger Wertsch\u00f6pfungsketten in Europa, Afrika und weltweit vorantreiben<\/li><li><strong>Internationales Expertenteam<\/strong> in nachhaltiger Entwicklung, Transparenz und digitale L\u00f6sungen f\u00fcr die Wertsch\u00f6pfungskette <\/li><li><strong>\u00dcbernahmem\u00f6glichkeit<\/strong> nach Abschluss des Praktikums<\/li><\/ ul><p>Ort: <strong>online (remote) <br \/><\/strong>Dauer: <strong>4-6 Monate<br \/><\/strong>Starttermin: flexibel<\/p><p>Senden Sie uns Ihren Lebenslauf und Motivationsschreiben an: <a href =\"mailto: info@anteja-ecg.com\" target=\"_blank\" rel =\" noopener \"><strong>info@anteja-ecg.com<\/strong><\/a><\/p><p>Wir interviewen laufend Kandidaten. Wir empfehlen Ihnen, Ihre Bewerbung so bald wie m\u00f6glich einzureichen.<\/p><\/div>\n\t\t\t\t<\/div>\n\t\t\t\t\t\t\t\t<\/div>\n\t\t\t\t\t\t<\/div>\n\t\t\t\t<\/div>\n\t\t\t\t\t<\/div>\n\t\t<\/div>\n\t\t\t\t<div class=\"elementor-column elementor-col-50 elementor-top-column elementor-element elementor-element-7537cbc\" data-id=\"7537cbc\" data-element_type=\"column\">\n\t\t\t<div class=\"elementor-widget-wrap\">\n\t\t\t\t\t\t\t<\/div>\n\t\t<\/div>\n\t\t\t\t\t<\/div>\n\t\t<\/section>\n\t\t\t\t<section class=\"elementor-section elementor-top-section elementor-element elementor-element-b21be1d elementor-section-stretched elementor-section-boxed elementor-section-height-default elementor-section-height-default\" data-id=\"b21be1d\" data-element_type=\"section\" data-settings=\"{&quot;stretch_section&quot;:&quot;section-stretched&quot;}\">\n\t\t\t\t\t\t<div class=\"elementor-container elementor-column-gap-default\">\n\t\t\t\t\t<div class=\"elementor-column elementor-col-50 elementor-top-column elementor-element elementor-element-0ecc7d5\" data-id=\"0ecc7d5\" data-element_type=\"column\">\n\t\t\t<div class=\"elementor-widget-wrap elementor-element-populated\">\n\t\t\t\t\t\t<div class=\"elementor-element elementor-element-5e923fc elementor-widget elementor-widget-text-editor\" data-id=\"5e923fc\" data-element_type=\"widget\" data-widget_type=\"text-editor.default\">\n\t\t\t\t<div class=\"elementor-widget-container\">\n\t\t\t\t\t\t\t\t\t<p>Kommen Sie an Bord<\/p>\t\t\t\t\t\t\t\t<\/div>\n\t\t\t\t<\/div>\n\t\t\t\t\t<\/div>\n\t\t<\/div>\n\t\t\t\t<div class=\"elementor-column elementor-col-50 elementor-top-column elementor-element elementor-element-6393ede\" data-id=\"6393ede\" data-element_type=\"column\">\n\t\t\t<div class=\"elementor-widget-wrap elementor-element-populated\">\n\t\t\t\t\t\t<div class=\"elementor-element elementor-element-cb543d3 elementor-widget elementor-widget-text-editor\" data-id=\"cb543d3\" data-element_type=\"widget\" data-widget_type=\"text-editor.default\">\n\t\t\t\t<div class=\"elementor-widget-container\">\n\t\t\t\t\t\t\t\t\t<p>Falls derzeit keine passenden Stellen offen sind, k\u00f6nnen Sie uns trotzdem gerne Ihr Motivationsschreiben und Ihren Lebenslauf zusenden.<\/p>\n<p><a href=\"mailto:info@anteja-ecg.com\" target=\"_blank\" rel=\"noopener\"><b>info@anteja-ecg.com<\/b><\/a><\/p>\n<p><\/p>\t\t\t\t\t\t\t\t<\/div>\n\t\t\t\t<\/div>\n\t\t\t\t\t<\/div>\n\t\t<\/div>\n\t\t\t\t\t<\/div>\n\t\t<\/section>\n\t\t\t\t<section class=\"elementor-section elementor-top-section elementor-element elementor-element-f0e9a05 elementor-section-stretched elementor-section-boxed elementor-section-height-default elementor-section-height-default\" data-id=\"f0e9a05\" data-element_type=\"section\" data-settings=\"{&quot;stretch_section&quot;:&quot;section-stretched&quot;,&quot;background_background&quot;:&quot;classic&quot;}\">\n\t\t\t\t\t\t<div class=\"elementor-container elementor-column-gap-default\">\n\t\t\t\t\t<div class=\"elementor-column elementor-col-50 elementor-top-column elementor-element elementor-element-f84c4db\" data-id=\"f84c4db\" data-element_type=\"column\">\n\t\t\t<div class=\"elementor-widget-wrap elementor-element-populated\">\n\t\t\t\t\t\t<div class=\"elementor-element elementor-element-bd77336 elementor-widget elementor-widget-text-editor\" data-id=\"bd77336\" data-element_type=\"widget\" data-widget_type=\"text-editor.default\">\n\t\t\t\t<div class=\"elementor-widget-container\">\n\t\t\t\t\t\t\t\t\t<p>Haben Sie eine Frage an uns? <br>Wir helfen Ihnen gerne weiter.<\/p>\t\t\t\t\t\t\t\t<\/div>\n\t\t\t\t<\/div>\n\t\t\t\t\t<\/div>\n\t\t<\/div>\n\t\t\t\t<div class=\"elementor-column elementor-col-50 elementor-top-column elementor-element elementor-element-093ff69\" data-id=\"093ff69\" data-element_type=\"column\">\n\t\t\t<div class=\"elementor-widget-wrap elementor-element-populated\">\n\t\t\t\t\t\t<div class=\"elementor-element elementor-element-892da47 elementor-align-center arrow-button elementor-widget elementor-widget-button\" data-id=\"892da47\" data-element_type=\"widget\" data-widget_type=\"button.default\">\n\t\t\t\t<div class=\"elementor-widget-container\">\n\t\t\t\t\t\t\t\t\t<div class=\"elementor-button-wrapper\">\n\t\t\t\t\t<a class=\"elementor-button elementor-button-link elementor-size-lg\" href=\"https:\/\/anteja-ecg.com\/#contact-us\">\n\t\t\t\t\t\t<span class=\"elementor-button-content-wrapper\">\n\t\t\t\t\t\t<span class=\"elementor-button-icon\">\n\t\t\t\t<svg xmlns=\"http:\/\/www.w3.org\/2000\/svg\" width=\"58\" height=\"35\" viewBox=\"0 0 58 35\" fill=\"none\"><path d=\"M49.0182 18.2001L40.0364 9.1001M49.0182 18.2001L40.0364 27.3001M49.0182 18.2001H9\" stroke=\"#274950\"><\/path><\/svg>\t\t\t<\/span>\n\t\t\t\t\t\t\t\t\t<span class=\"elementor-button-text\">Uns kontaktieren<\/span>\n\t\t\t\t\t<\/span>\n\t\t\t\t\t<\/a>\n\t\t\t\t<\/div>\n\t\t\t\t\t\t\t\t<\/div>\n\t\t\t\t<\/div>\n\t\t\t\t\t<\/div>\n\t\t<\/div>\n\t\t\t\t\t<\/div>\n\t\t<\/section>\n\t\t\t\t<\/div>\n\t\t","protected":false},"excerpt":{"rendered":"<p>Werden Sie Teil unseres Teams Auch Sie k\u00f6nnen unsere Welt zu einem nachhaltigeren Ort machen Offene Positionen Praktikum in der Unternehmensentwicklung Interessieren Sie sich f\u00fcr Unternehmertum und positivesoziale und \u00f6kologische Auswirkungen in Europa, Afrika und weltweit? Brennen Sie f\u00fcr nachhaltige Entwicklung, soziale Unternehmensf\u00fchrung und digitale Transformation? Sind Sie neugierig auf Deep-Technologien (Deep Tech) wie k\u00fcnstliche [&hellip;]<\/p>\n","protected":false},"author":1,"featured_media":0,"parent":0,"menu_order":0,"comment_status":"closed","ping_status":"closed","template":"","meta":{"_acf_changed":false,"iawp_total_views":24,"footnotes":""},"class_list":["post-3818","page","type-page","status-publish","hentry"],"acf":[],"yoast_head":"<!-- This site is optimized with the Yoast SEO plugin v25.2 - https:\/\/yoast.com\/wordpress\/plugins\/seo\/ -->\n<title>Karriere | Anteja<\/title>\n<meta name=\"robots\" content=\"index, follow, max-snippet:-1, max-image-preview:large, max-video-preview:-1\" \/>\n<link rel=\"canonical\" href=\"https:\/\/anteja-ecg.com\/de\/karriere\/\" \/>\n<meta property=\"og:locale\" content=\"de_DE\" \/>\n<meta property=\"og:type\" content=\"article\" \/>\n<meta property=\"og:title\" content=\"Karriere | Anteja\" \/>\n<meta property=\"og:description\" content=\"Werden Sie Teil unseres Teams Auch Sie k\u00f6nnen unsere Welt zu einem nachhaltigeren Ort machen Offene Positionen Praktikum in der Unternehmensentwicklung Interessieren Sie sich f\u00fcr Unternehmertum und positivesoziale und \u00f6kologische Auswirkungen in Europa, Afrika und weltweit? Brennen Sie f\u00fcr nachhaltige Entwicklung, soziale Unternehmensf\u00fchrung und digitale Transformation? Sind Sie neugierig auf Deep-Technologien (Deep Tech) wie k\u00fcnstliche [&hellip;]\" \/>\n<meta property=\"og:url\" content=\"https:\/\/anteja-ecg.com\/de\/karriere\/\" \/>\n<meta property=\"og:site_name\" content=\"Anteja\" \/>\n<meta property=\"article:modified_time\" content=\"2022-06-28T10:35:03+00:00\" \/>\n<meta property=\"og:image\" content=\"https:\/\/anteja-ecg.com\/wp-content\/uploads\/2022\/06\/DSC03377-1024x621.jpg\" \/>\n<meta name=\"twitter:card\" content=\"summary_large_image\" \/>\n<meta name=\"twitter:site\" content=\"@antejaecg\" \/>\n<meta name=\"twitter:label1\" content=\"Gesch\u00e4tzte Lesezeit\" \/>\n\t<meta name=\"twitter:data1\" content=\"2\u00a0Minuten\" \/>\n<script type=\"application\/ld+json\" class=\"yoast-schema-graph\">{\"@context\":\"https:\/\/schema.org\",\"@graph\":[{\"@type\":\"WebPage\",\"@id\":\"https:\/\/anteja-ecg.com\/de\/karriere\/\",\"url\":\"https:\/\/anteja-ecg.com\/de\/karriere\/\",\"name\":\"Karriere | Anteja\",\"isPartOf\":{\"@id\":\"https:\/\/anteja-ecg.com\/de\/#website\"},\"primaryImageOfPage\":{\"@id\":\"https:\/\/anteja-ecg.com\/de\/karriere\/#primaryimage\"},\"image\":{\"@id\":\"https:\/\/anteja-ecg.com\/de\/karriere\/#primaryimage\"},\"thumbnailUrl\":\"https:\/\/anteja-ecg.com\/wp-content\/uploads\/2022\/06\/DSC03377-1024x621.jpg\",\"datePublished\":\"2022-06-19T09:11:29+00:00\",\"dateModified\":\"2022-06-28T10:35:03+00:00\",\"breadcrumb\":{\"@id\":\"https:\/\/anteja-ecg.com\/de\/karriere\/#breadcrumb\"},\"inLanguage\":\"de\",\"potentialAction\":[{\"@type\":\"ReadAction\",\"target\":[\"https:\/\/anteja-ecg.com\/de\/karriere\/\"]}]},{\"@type\":\"ImageObject\",\"inLanguage\":\"de\",\"@id\":\"https:\/\/anteja-ecg.com\/de\/karriere\/#primaryimage\",\"url\":\"https:\/\/anteja-ecg.com\/wp-content\/uploads\/2022\/06\/DSC03377-1024x621.jpg\",\"contentUrl\":\"https:\/\/anteja-ecg.com\/wp-content\/uploads\/2022\/06\/DSC03377-1024x621.jpg\"},{\"@type\":\"BreadcrumbList\",\"@id\":\"https:\/\/anteja-ecg.com\/de\/karriere\/#breadcrumb\",\"itemListElement\":[{\"@type\":\"ListItem\",\"position\":1,\"name\":\"Home\",\"item\":\"https:\/\/anteja-ecg.com\/de\/\"},{\"@type\":\"ListItem\",\"position\":2,\"name\":\"Karriere\"}]},{\"@type\":\"WebSite\",\"@id\":\"https:\/\/anteja-ecg.com\/de\/#website\",\"url\":\"https:\/\/anteja-ecg.com\/de\/\",\"name\":\"Anteja\",\"description\":\"\",\"publisher\":{\"@id\":\"https:\/\/anteja-ecg.com\/de\/#organization\"},\"potentialAction\":[{\"@type\":\"SearchAction\",\"target\":{\"@type\":\"EntryPoint\",\"urlTemplate\":\"https:\/\/anteja-ecg.com\/de\/?s={search_term_string}\"},\"query-input\":{\"@type\":\"PropertyValueSpecification\",\"valueRequired\":true,\"valueName\":\"search_term_string\"}}],\"inLanguage\":\"de\"},{\"@type\":\"Organization\",\"@id\":\"https:\/\/anteja-ecg.com\/de\/#organization\",\"name\":\"Anteja\",\"url\":\"https:\/\/anteja-ecg.com\/de\/\",\"logo\":{\"@type\":\"ImageObject\",\"inLanguage\":\"de\",\"@id\":\"https:\/\/anteja-ecg.com\/de\/#\/schema\/logo\/image\/\",\"url\":\"https:\/\/anteja-ecg.com\/wp-content\/uploads\/2022\/06\/anteja-logo-outlines.svg\",\"contentUrl\":\"https:\/\/anteja-ecg.com\/wp-content\/uploads\/2022\/06\/anteja-logo-outlines.svg\",\"width\":290,\"height\":106,\"caption\":\"Anteja\"},\"image\":{\"@id\":\"https:\/\/anteja-ecg.com\/de\/#\/schema\/logo\/image\/\"},\"sameAs\":[\"https:\/\/x.com\/antejaecg\",\"https:\/\/www.linkedin.com\/company\/anteja-ecg\"]}]}<\/script>\n<!-- \/ Yoast SEO plugin. -->","yoast_head_json":{"title":"Karriere | Anteja","robots":{"index":"index","follow":"follow","max-snippet":"max-snippet:-1","max-image-preview":"max-image-preview:large","max-video-preview":"max-video-preview:-1"},"canonical":"https:\/\/anteja-ecg.com\/de\/karriere\/","og_locale":"de_DE","og_type":"article","og_title":"Karriere | Anteja","og_description":"Werden Sie Teil unseres Teams Auch Sie k\u00f6nnen unsere Welt zu einem nachhaltigeren Ort machen Offene Positionen Praktikum in der Unternehmensentwicklung Interessieren Sie sich f\u00fcr Unternehmertum und positivesoziale und \u00f6kologische Auswirkungen in Europa, Afrika und weltweit? Brennen Sie f\u00fcr nachhaltige Entwicklung, soziale Unternehmensf\u00fchrung und digitale Transformation? Sind Sie neugierig auf Deep-Technologien (Deep Tech) wie k\u00fcnstliche [&hellip;]","og_url":"https:\/\/anteja-ecg.com\/de\/karriere\/","og_site_name":"Anteja","article_modified_time":"2022-06-28T10:35:03+00:00","og_image":[{"url":"https:\/\/anteja-ecg.com\/wp-content\/uploads\/2022\/06\/DSC03377-1024x621.jpg","type":"","width":"","height":""}],"twitter_card":"summary_large_image","twitter_site":"@antejaecg","twitter_misc":{"Gesch\u00e4tzte Lesezeit":"2\u00a0Minuten"},"schema":{"@context":"https:\/\/schema.org","@graph":[{"@type":"WebPage","@id":"https:\/\/anteja-ecg.com\/de\/karriere\/","url":"https:\/\/anteja-ecg.com\/de\/karriere\/","name":"Karriere | Anteja","isPartOf":{"@id":"https:\/\/anteja-ecg.com\/de\/#website"},"primaryImageOfPage":{"@id":"https:\/\/anteja-ecg.com\/de\/karriere\/#primaryimage"},"image":{"@id":"https:\/\/anteja-ecg.com\/de\/karriere\/#primaryimage"},"thumbnailUrl":"https:\/\/anteja-ecg.com\/wp-content\/uploads\/2022\/06\/DSC03377-1024x621.jpg","datePublished":"2022-06-19T09:11:29+00:00","dateModified":"2022-06-28T10:35:03+00:00","breadcrumb":{"@id":"https:\/\/anteja-ecg.com\/de\/karriere\/#breadcrumb"},"inLanguage":"de","potentialAction":[{"@type":"ReadAction","target":["https:\/\/anteja-ecg.com\/de\/karriere\/"]}]},{"@type":"ImageObject","inLanguage":"de","@id":"https:\/\/anteja-ecg.com\/de\/karriere\/#primaryimage","url":"https:\/\/anteja-ecg.com\/wp-content\/uploads\/2022\/06\/DSC03377-1024x621.jpg","contentUrl":"https:\/\/anteja-ecg.com\/wp-content\/uploads\/2022\/06\/DSC03377-1024x621.jpg"},{"@type":"BreadcrumbList","@id":"https:\/\/anteja-ecg.com\/de\/karriere\/#breadcrumb","itemListElement":[{"@type":"ListItem","position":1,"name":"Home","item":"https:\/\/anteja-ecg.com\/de\/"},{"@type":"ListItem","position":2,"name":"Karriere"}]},{"@type":"WebSite","@id":"https:\/\/anteja-ecg.com\/de\/#website","url":"https:\/\/anteja-ecg.com\/de\/","name":"Anteja","description":"","publisher":{"@id":"https:\/\/anteja-ecg.com\/de\/#organization"},"potentialAction":[{"@type":"SearchAction","target":{"@type":"EntryPoint","urlTemplate":"https:\/\/anteja-ecg.com\/de\/?s={search_term_string}"},"query-input":{"@type":"PropertyValueSpecification","valueRequired":true,"valueName":"search_term_string"}}],"inLanguage":"de"},{"@type":"Organization","@id":"https:\/\/anteja-ecg.com\/de\/#organization","name":"Anteja","url":"https:\/\/anteja-ecg.com\/de\/","logo":{"@type":"ImageObject","inLanguage":"de","@id":"https:\/\/anteja-ecg.com\/de\/#\/schema\/logo\/image\/","url":"https:\/\/anteja-ecg.com\/wp-content\/uploads\/2022\/06\/anteja-logo-outlines.svg","contentUrl":"https:\/\/anteja-ecg.com\/wp-content\/uploads\/2022\/06\/anteja-logo-outlines.svg","width":290,"height":106,"caption":"Anteja"},"image":{"@id":"https:\/\/anteja-ecg.com\/de\/#\/schema\/logo\/image\/"},"sameAs":["https:\/\/x.com\/antejaecg","https:\/\/www.linkedin.com\/company\/anteja-ecg"]}]}},"_links":{"self":[{"href":"https:\/\/anteja-ecg.com\/de\/wp-json\/wp\/v2\/pages\/3818","targetHints":{"allow":["GET"]}}],"collection":[{"href":"https:\/\/anteja-ecg.com\/de\/wp-json\/wp\/v2\/pages"}],"about":[{"href":"https:\/\/anteja-ecg.com\/de\/wp-json\/wp\/v2\/types\/page"}],"author":[{"embeddable":true,"href":"https:\/\/anteja-ecg.com\/de\/wp-json\/wp\/v2\/users\/1"}],"replies":[{"embeddable":true,"href":"https:\/\/anteja-ecg.com\/de\/wp-json\/wp\/v2\/comments?post=3818"}],"version-history":[{"count":5,"href":"https:\/\/anteja-ecg.com\/de\/wp-json\/wp\/v2\/pages\/3818\/revisions"}],"predecessor-version":[{"id":4391,"href":"https:\/\/anteja-ecg.com\/de\/wp-json\/wp\/v2\/pages\/3818\/revisions\/4391"}],"wp:attachment":[{"href":"https:\/\/anteja-ecg.com\/de\/wp-json\/wp\/v2\/media?parent=3818"}],"curies":[{"name":"wp","href":"https:\/\/api.w.org\/{rel}","templated":true}]}}