{"id":3827,"date":"2022-06-21T13:27:27","date_gmt":"2022-06-21T13:27:27","guid":{"rendered":"https:\/\/anteja-ecg.com\/cookie-richtlinie\/"},"modified":"2022-06-24T05:29:12","modified_gmt":"2022-06-24T05:29:12","slug":"cookie-richtlinie","status":"publish","type":"page","link":"https:\/\/anteja-ecg.com\/de\/cookie-richtlinie\/","title":{"rendered":"Cookie-Richtlinie"},"content":{"rendered":"\n<p>Diese Cookie-Richtlinie (&#8222;Richtlinie&#8220;) beschreibt, was Cookies sind und wie der Website-Betreiber (&#8222;Website-Betreiber&#8220;, &#8222;wir&#8220;, &#8222;uns&#8220; oder &#8222;unser&#8220;) sie auf der Website www.anteja-ecg.com und allen anderen seiner Produkte oder Dienstleistungen (zusammen \u201eWebsite\u201c oder \u201eDienstleistungen\u201c) verwendet.<\/p>\n\n<p>Sie sollten diese Richtlinie lesen, damit Sie verstehen, welche Art von Cookies wir verwenden, welche Informationen wir mithilfe von Cookies erfassen und wie diese Informationen verwendet werden. Es beschreibt auch die Ihnen zur Verf\u00fcgung stehenden M\u00f6glichkeiten, die Verwendung von Cookies zu akzeptieren oder abzulehnen. Weitere Informationen dar\u00fcber, wie wir Ihre personenbezogenen Daten verwenden, speichern und sicher aufbewahren, finden Sie in unserer Datenschutzrichtlinie.<\/p>\n\n<p><strong><u>Inhaltsverzeichnis:<\/u><\/strong><\/p>\n\n<h3 class=\"wp-block-heading\">1.\u00a0\u00a0\u00a0\u00a0\u00a0Cookie-Richtlinie<\/h3>\n\n<ol class=\"wp-block-list\" type=\"1\"><li>Was sind Cookies?<ol><li>Welche Arten von Cookies verwenden wir?<\/li><\/ol><\/li><\/ol>\n\n<p><strong><u>1.1 <\/u><\/strong><strong><u>Was sind Cookies?<\/u><\/strong><\/p>\n\n<p>Cookies sind kleine Datenst\u00fccke, die in Textdateien enthalten sind, die auf Ihrem Computer oder anderen Ger\u00e4ten gespeichert werden, wenn Websites in einem Browser geladen werden. Sie werden h\u00e4ufig verwendet, um sich an Sie und Ihre Pr\u00e4ferenzen zu erinnern, entweder f\u00fcr einen einzelnen Besuch (durch ein \u201eSession-Cookie\u201c) oder f\u00fcr mehrere wiederholte Besuche (durch ein \u201epermanente Cookie\u201c).<\/p>\n\n<p>Session-Cookies sind tempor\u00e4re Cookies, die w\u00e4hrend Ihres Besuchs auf der Website verwendet werden und verfallen, wenn Sie den Webbrowser schlie\u00dfen.<\/p>\n\n<p>Permanente Cookies werden verwendet, um Ihre Pr\u00e4ferenzen innerhalb unserer Website zu speichern und verbleiben auf Ihrem Desktop oder Mobilger\u00e4t, auch nachdem Sie Ihren Browser geschlossen oder Ihren Computer neu gestartet haben. Sie sorgen f\u00fcr ein einheitliches und effizientes Erlebnis f\u00fcr Sie, w\u00e4hrend Sie unsere Website besuchen oder unsere Dienste nutzen.<\/p>\n\n<p>Cookies k\u00f6nnen von der Website (\u201eErstanbieter-Cookies\u201c) oder von Drittanbietern gesetzt werden, z. B. von solchen, die Inhalte bereitstellen oder Werbe- oder Analysedienste auf der Website bereitstellen (\u201eDrittanbieter-Cookies\u201c). Diese Drittanbieter k\u00f6nnen Sie erkennen, wenn Sie unsere Website und auch bestimmte andere Websites besuchen.<\/p>\n\n<p><strong><u>1.2 Welche<\/u><\/strong><strong><u> Arten<\/u><\/strong><strong><u> von Cookies verwenden wir?<\/u><\/strong><\/p>\n\n<p><strong>Notwendige<\/strong><strong> Cookies<\/strong><\/p>\n\n<p>Notwendige Cookies sind f\u00fcr das Surfen auf der Website unerl\u00e4sslich oder f\u00fcr die Bereitstellung eines speziell von einem Benutzer angeforderten Dienstes unbedingt erforderlich. Das Entfernen dieser Art von Cookies kann zu Navigationsschwierigkeiten f\u00fchren und davon wird daher dringend abgeraten.<\/p>\n\n<figure class=\"wp-block-image size-full\"><img fetchpriority=\"high\" decoding=\"async\" width=\"705\" height=\"613\" src=\"https:\/\/anteja-ecg.com\/wp-content\/uploads\/2022\/06\/cookie-picture.jpg\" alt=\"\" class=\"wp-image-3686\" srcset=\"https:\/\/anteja-ecg.com\/wp-content\/uploads\/2022\/06\/cookie-picture.jpg 705w, https:\/\/anteja-ecg.com\/wp-content\/uploads\/2022\/06\/cookie-picture-300x261.jpg 300w\" sizes=\"(max-width: 705px) 100vw, 705px\" \/><\/figure>\n\n<p><strong>Funktionale Cookies<\/strong><\/p>\n\n<p>Funktionale Cookies erm\u00f6glichen es uns, die Website und unsere Dienste gem\u00e4\u00df den von Ihnen getroffenen Entscheidungen zu betreiben. Beispielsweise erkennen wir Ihren Benutzernamen und merken uns f\u00fcr zuk\u00fcnftige Besuche, wie Sie die Website und die Dienste angepasst haben.<\/p>\n\n<p><strong>Performance-Cookies<\/strong><\/p>\n\n<p>Performance-Cookies werden verwendet, um die wichtigsten Leistungsindizes der Website zu verstehen und zu analysieren, was dazu beitr\u00e4gt, den Besuchern ein besseres Benutzererlebnis zu bieten.<\/p>\n\n<p><strong>Analytische<\/strong><strong>-Cookies<\/strong><\/p>\n\n<p>Analytische Cookies werden verwendet, um zu verstehen, wie Besucher mit der Website interagieren. Diese Cookies helfen bei der Bereitstellung von Informationen zu Metriken wie Anzahl der Besucher, Absprungrate, Traffic-Quelle usw.<\/p>\n\n<p><strong>Werbe-Cookies<\/strong><\/p>\n\n<p>Werbe-Cookies werden verwendet, um Besuchern relevante Anzeigen und Marketingkampagnen bereitzustellen. Diese Cookies verfolgen Besucher \u00fcber Websites hinweg und erfassen Informationen, um angepasste Anzeigen bereitzustellen.<\/p>\n\n<p><strong><u>1.3 <\/u><\/strong><strong><u>Welche Cookie-Optionen haben Sie?<\/u><\/strong><\/p>\n\n<p>Wenn Sie Cookies oder bestimmten Arten von Cookies nicht m\u00f6gen, k\u00f6nnen Sie die Einstellungen Ihres Browsers \u00e4ndern, um bereits gesetzte Cookies zu l\u00f6schen und keine neuen Cookies zu akzeptieren. Um mehr dar\u00fcber zu erfahren, wie Sie dies tun k\u00f6nnen, oder um mehr \u00fcber Cookies zu erfahren, besuchen Sie <a href=\"https:\/\/www.internetcookies.org\/\">internetcookies.org<\/a>.<\/p>\n\n<p><strong><u>1.4 <\/u><\/strong><strong><u>\u00c4nderungen und Erg\u00e4nzungen<\/u><\/strong><\/p>\n\n<p>Wir behalten uns das Recht vor, diese Richtlinie in Bezug auf die Website oder die Dienste jederzeit zu \u00e4ndern, wirksam mit der Ver\u00f6ffentlichung einer aktualisierten Version dieser Richtlinie auf der Website. Wenn wir dies tun, wird das Aktualisierungsdatum unten auf dieser Seite upgedatet. Die fortgesetzte Nutzung der Website nach solchen \u00c4nderungen gilt als Ihre Zustimmung zu diesen \u00c4nderungen.<\/p>\n\n<p><strong><u>1.5 <\/u><\/strong><strong><u>Annahme dieser R<\/u><\/strong><strong><u>ichtlinie<\/u><\/strong><\/p>\n\n<p>Sie best\u00e4tigen, dass Sie diese Richtlinie gelesen haben und mit allen ihren Bedingungen einverstanden sind. Durch die Nutzung der Website oder ihrer Dienste erkl\u00e4ren Sie sich mit dieser Richtlinie einverstanden. Wenn Sie den Bedingungen dieser Richtlinie nicht zustimmen, sind Sie nicht berechtigt, die Website und ihre Dienste zu nutzen oder darauf zuzugreifen.<\/p>\n\n<p><strong><u>1.6 <\/u><\/strong><strong><u>Uns kontaktieren<\/u><\/strong><\/p>\n\n<p>Wenn Sie uns kontaktieren m\u00f6chten, um mehr \u00fcber diese Richtlinie zu erfahren, oder uns bez\u00fcglich einer Angelegenheit im Zusammenhang mit unserer Verwendung von Cookies kontaktieren m\u00f6chten, k\u00f6nnen Sie eine E-Mail an info@phy2app.com oder info@anteja-ecg.com senden.<\/p>\n\n<p>Dieses Dokument wurde zuletzt am 2<sup>.<\/sup> Oktober 2021 aktualisiert.<\/p>\n","protected":false},"excerpt":{"rendered":"<p>Diese Cookie-Richtlinie (&#8222;Richtlinie&#8220;) beschreibt, was Cookies sind und wie der Website-Betreiber (&#8222;Website-Betreiber&#8220;, &#8222;wir&#8220;, &#8222;uns&#8220; oder &#8222;unser&#8220;) sie auf der Website www.anteja-ecg.com und allen anderen seiner Produkte oder Dienstleistungen (zusammen \u201eWebsite\u201c oder \u201eDienstleistungen\u201c) verwendet. Sie sollten diese Richtlinie lesen, damit Sie verstehen, welche Art von Cookies wir verwenden, welche Informationen wir mithilfe von Cookies erfassen und [&hellip;]<\/p>\n","protected":false},"author":1,"featured_media":0,"parent":0,"menu_order":0,"comment_status":"closed","ping_status":"closed","template":"","meta":{"_acf_changed":false,"iawp_total_views":4,"footnotes":""},"class_list":["post-3827","page","type-page","status-publish","hentry"],"acf":[],"yoast_head":"<!-- This site is optimized with the Yoast SEO plugin v25.2 - https:\/\/yoast.com\/wordpress\/plugins\/seo\/ -->\n<title>Cookie-Richtlinie | Anteja<\/title>\n<meta name=\"robots\" content=\"index, follow, max-snippet:-1, max-image-preview:large, max-video-preview:-1\" \/>\n<link rel=\"canonical\" href=\"https:\/\/anteja-ecg.com\/de\/cookie-richtlinie\/\" \/>\n<meta property=\"og:locale\" content=\"de_DE\" \/>\n<meta property=\"og:type\" content=\"article\" \/>\n<meta property=\"og:title\" content=\"Cookie-Richtlinie | Anteja\" \/>\n<meta property=\"og:description\" content=\"Diese Cookie-Richtlinie (&#8222;Richtlinie&#8220;) beschreibt, was Cookies sind und wie der Website-Betreiber (&#8222;Website-Betreiber&#8220;, &#8222;wir&#8220;, &#8222;uns&#8220; oder &#8222;unser&#8220;) sie auf der Website www.anteja-ecg.com und allen anderen seiner Produkte oder Dienstleistungen (zusammen \u201eWebsite\u201c oder \u201eDienstleistungen\u201c) verwendet. Sie sollten diese Richtlinie lesen, damit Sie verstehen, welche Art von Cookies wir verwenden, welche Informationen wir mithilfe von Cookies erfassen und [&hellip;]\" \/>\n<meta property=\"og:url\" content=\"https:\/\/anteja-ecg.com\/de\/cookie-richtlinie\/\" \/>\n<meta property=\"og:site_name\" content=\"Anteja\" \/>\n<meta property=\"article:modified_time\" content=\"2022-06-24T05:29:12+00:00\" \/>\n<meta property=\"og:image\" content=\"https:\/\/anteja-ecg.com\/wp-content\/uploads\/2022\/06\/cookie-picture.jpg\" \/>\n<meta name=\"twitter:card\" content=\"summary_large_image\" \/>\n<meta name=\"twitter:site\" content=\"@antejaecg\" \/>\n<meta name=\"twitter:label1\" content=\"Gesch\u00e4tzte Lesezeit\" \/>\n\t<meta name=\"twitter:data1\" content=\"4\u00a0Minuten\" \/>\n<script type=\"application\/ld+json\" class=\"yoast-schema-graph\">{\"@context\":\"https:\/\/schema.org\",\"@graph\":[{\"@type\":\"WebPage\",\"@id\":\"https:\/\/anteja-ecg.com\/de\/cookie-richtlinie\/\",\"url\":\"https:\/\/anteja-ecg.com\/de\/cookie-richtlinie\/\",\"name\":\"Cookie-Richtlinie | Anteja\",\"isPartOf\":{\"@id\":\"https:\/\/anteja-ecg.com\/de\/#website\"},\"primaryImageOfPage\":{\"@id\":\"https:\/\/anteja-ecg.com\/de\/cookie-richtlinie\/#primaryimage\"},\"image\":{\"@id\":\"https:\/\/anteja-ecg.com\/de\/cookie-richtlinie\/#primaryimage\"},\"thumbnailUrl\":\"https:\/\/anteja-ecg.com\/wp-content\/uploads\/2022\/06\/cookie-picture.jpg\",\"datePublished\":\"2022-06-21T13:27:27+00:00\",\"dateModified\":\"2022-06-24T05:29:12+00:00\",\"breadcrumb\":{\"@id\":\"https:\/\/anteja-ecg.com\/de\/cookie-richtlinie\/#breadcrumb\"},\"inLanguage\":\"de\",\"potentialAction\":[{\"@type\":\"ReadAction\",\"target\":[\"https:\/\/anteja-ecg.com\/de\/cookie-richtlinie\/\"]}]},{\"@type\":\"ImageObject\",\"inLanguage\":\"de\",\"@id\":\"https:\/\/anteja-ecg.com\/de\/cookie-richtlinie\/#primaryimage\",\"url\":\"https:\/\/anteja-ecg.com\/wp-content\/uploads\/2022\/06\/cookie-picture.jpg\",\"contentUrl\":\"https:\/\/anteja-ecg.com\/wp-content\/uploads\/2022\/06\/cookie-picture.jpg\"},{\"@type\":\"BreadcrumbList\",\"@id\":\"https:\/\/anteja-ecg.com\/de\/cookie-richtlinie\/#breadcrumb\",\"itemListElement\":[{\"@type\":\"ListItem\",\"position\":1,\"name\":\"Home\",\"item\":\"https:\/\/anteja-ecg.com\/de\/\"},{\"@type\":\"ListItem\",\"position\":2,\"name\":\"Cookie-Richtlinie\"}]},{\"@type\":\"WebSite\",\"@id\":\"https:\/\/anteja-ecg.com\/de\/#website\",\"url\":\"https:\/\/anteja-ecg.com\/de\/\",\"name\":\"Anteja\",\"description\":\"\",\"publisher\":{\"@id\":\"https:\/\/anteja-ecg.com\/de\/#organization\"},\"potentialAction\":[{\"@type\":\"SearchAction\",\"target\":{\"@type\":\"EntryPoint\",\"urlTemplate\":\"https:\/\/anteja-ecg.com\/de\/?s={search_term_string}\"},\"query-input\":{\"@type\":\"PropertyValueSpecification\",\"valueRequired\":true,\"valueName\":\"search_term_string\"}}],\"inLanguage\":\"de\"},{\"@type\":\"Organization\",\"@id\":\"https:\/\/anteja-ecg.com\/de\/#organization\",\"name\":\"Anteja\",\"url\":\"https:\/\/anteja-ecg.com\/de\/\",\"logo\":{\"@type\":\"ImageObject\",\"inLanguage\":\"de\",\"@id\":\"https:\/\/anteja-ecg.com\/de\/#\/schema\/logo\/image\/\",\"url\":\"https:\/\/anteja-ecg.com\/wp-content\/uploads\/2022\/06\/anteja-logo-outlines.svg\",\"contentUrl\":\"https:\/\/anteja-ecg.com\/wp-content\/uploads\/2022\/06\/anteja-logo-outlines.svg\",\"width\":290,\"height\":106,\"caption\":\"Anteja\"},\"image\":{\"@id\":\"https:\/\/anteja-ecg.com\/de\/#\/schema\/logo\/image\/\"},\"sameAs\":[\"https:\/\/x.com\/antejaecg\",\"https:\/\/www.linkedin.com\/company\/anteja-ecg\"]}]}<\/script>\n<!-- \/ Yoast SEO plugin. -->","yoast_head_json":{"title":"Cookie-Richtlinie | Anteja","robots":{"index":"index","follow":"follow","max-snippet":"max-snippet:-1","max-image-preview":"max-image-preview:large","max-video-preview":"max-video-preview:-1"},"canonical":"https:\/\/anteja-ecg.com\/de\/cookie-richtlinie\/","og_locale":"de_DE","og_type":"article","og_title":"Cookie-Richtlinie | Anteja","og_description":"Diese Cookie-Richtlinie (&#8222;Richtlinie&#8220;) beschreibt, was Cookies sind und wie der Website-Betreiber (&#8222;Website-Betreiber&#8220;, &#8222;wir&#8220;, &#8222;uns&#8220; oder &#8222;unser&#8220;) sie auf der Website www.anteja-ecg.com und allen anderen seiner Produkte oder Dienstleistungen (zusammen \u201eWebsite\u201c oder \u201eDienstleistungen\u201c) verwendet. Sie sollten diese Richtlinie lesen, damit Sie verstehen, welche Art von Cookies wir verwenden, welche Informationen wir mithilfe von Cookies erfassen und [&hellip;]","og_url":"https:\/\/anteja-ecg.com\/de\/cookie-richtlinie\/","og_site_name":"Anteja","article_modified_time":"2022-06-24T05:29:12+00:00","og_image":[{"url":"https:\/\/anteja-ecg.com\/wp-content\/uploads\/2022\/06\/cookie-picture.jpg","type":"","width":"","height":""}],"twitter_card":"summary_large_image","twitter_site":"@antejaecg","twitter_misc":{"Gesch\u00e4tzte Lesezeit":"4\u00a0Minuten"},"schema":{"@context":"https:\/\/schema.org","@graph":[{"@type":"WebPage","@id":"https:\/\/anteja-ecg.com\/de\/cookie-richtlinie\/","url":"https:\/\/anteja-ecg.com\/de\/cookie-richtlinie\/","name":"Cookie-Richtlinie | Anteja","isPartOf":{"@id":"https:\/\/anteja-ecg.com\/de\/#website"},"primaryImageOfPage":{"@id":"https:\/\/anteja-ecg.com\/de\/cookie-richtlinie\/#primaryimage"},"image":{"@id":"https:\/\/anteja-ecg.com\/de\/cookie-richtlinie\/#primaryimage"},"thumbnailUrl":"https:\/\/anteja-ecg.com\/wp-content\/uploads\/2022\/06\/cookie-picture.jpg","datePublished":"2022-06-21T13:27:27+00:00","dateModified":"2022-06-24T05:29:12+00:00","breadcrumb":{"@id":"https:\/\/anteja-ecg.com\/de\/cookie-richtlinie\/#breadcrumb"},"inLanguage":"de","potentialAction":[{"@type":"ReadAction","target":["https:\/\/anteja-ecg.com\/de\/cookie-richtlinie\/"]}]},{"@type":"ImageObject","inLanguage":"de","@id":"https:\/\/anteja-ecg.com\/de\/cookie-richtlinie\/#primaryimage","url":"https:\/\/anteja-ecg.com\/wp-content\/uploads\/2022\/06\/cookie-picture.jpg","contentUrl":"https:\/\/anteja-ecg.com\/wp-content\/uploads\/2022\/06\/cookie-picture.jpg"},{"@type":"BreadcrumbList","@id":"https:\/\/anteja-ecg.com\/de\/cookie-richtlinie\/#breadcrumb","itemListElement":[{"@type":"ListItem","position":1,"name":"Home","item":"https:\/\/anteja-ecg.com\/de\/"},{"@type":"ListItem","position":2,"name":"Cookie-Richtlinie"}]},{"@type":"WebSite","@id":"https:\/\/anteja-ecg.com\/de\/#website","url":"https:\/\/anteja-ecg.com\/de\/","name":"Anteja","description":"","publisher":{"@id":"https:\/\/anteja-ecg.com\/de\/#organization"},"potentialAction":[{"@type":"SearchAction","target":{"@type":"EntryPoint","urlTemplate":"https:\/\/anteja-ecg.com\/de\/?s={search_term_string}"},"query-input":{"@type":"PropertyValueSpecification","valueRequired":true,"valueName":"search_term_string"}}],"inLanguage":"de"},{"@type":"Organization","@id":"https:\/\/anteja-ecg.com\/de\/#organization","name":"Anteja","url":"https:\/\/anteja-ecg.com\/de\/","logo":{"@type":"ImageObject","inLanguage":"de","@id":"https:\/\/anteja-ecg.com\/de\/#\/schema\/logo\/image\/","url":"https:\/\/anteja-ecg.com\/wp-content\/uploads\/2022\/06\/anteja-logo-outlines.svg","contentUrl":"https:\/\/anteja-ecg.com\/wp-content\/uploads\/2022\/06\/anteja-logo-outlines.svg","width":290,"height":106,"caption":"Anteja"},"image":{"@id":"https:\/\/anteja-ecg.com\/de\/#\/schema\/logo\/image\/"},"sameAs":["https:\/\/x.com\/antejaecg","https:\/\/www.linkedin.com\/company\/anteja-ecg"]}]}},"_links":{"self":[{"href":"https:\/\/anteja-ecg.com\/de\/wp-json\/wp\/v2\/pages\/3827","targetHints":{"allow":["GET"]}}],"collection":[{"href":"https:\/\/anteja-ecg.com\/de\/wp-json\/wp\/v2\/pages"}],"about":[{"href":"https:\/\/anteja-ecg.com\/de\/wp-json\/wp\/v2\/types\/page"}],"author":[{"embeddable":true,"href":"https:\/\/anteja-ecg.com\/de\/wp-json\/wp\/v2\/users\/1"}],"replies":[{"embeddable":true,"href":"https:\/\/anteja-ecg.com\/de\/wp-json\/wp\/v2\/comments?post=3827"}],"version-history":[{"count":1,"href":"https:\/\/anteja-ecg.com\/de\/wp-json\/wp\/v2\/pages\/3827\/revisions"}],"predecessor-version":[{"id":3828,"href":"https:\/\/anteja-ecg.com\/de\/wp-json\/wp\/v2\/pages\/3827\/revisions\/3828"}],"wp:attachment":[{"href":"https:\/\/anteja-ecg.com\/de\/wp-json\/wp\/v2\/media?parent=3827"}],"curies":[{"name":"wp","href":"https:\/\/api.w.org\/{rel}","templated":true}]}}